{"id":11,"date":"2026-01-26T15:39:45","date_gmt":"2026-01-26T15:39:45","guid":{"rendered":"https:\/\/servicioagrarionesblam.rkinformatika.online\/servicios\/"},"modified":"2026-01-30T11:38:17","modified_gmt":"2026-01-30T11:38:17","slug":"servicios","status":"publish","type":"page","link":"https:\/\/servicioagrarionesblam.com\/en\/servicios\/","title":{"rendered":"Services"},"content":{"rendered":"<div data-elementor-type=\"wp-page\" data-elementor-id=\"11\" class=\"elementor elementor-11\" data-elementor-post-type=\"page\">\n\t\t\t\t<div class=\"elementor-element elementor-element-2077527b e-con-full e-flex e-con e-parent\" data-id=\"2077527b\" data-element_type=\"container\" data-e-type=\"container\" data-settings=\"{&quot;background_background&quot;:&quot;classic&quot;}\">\n\t\t<div class=\"elementor-element elementor-element-5acd6bc9 e-con-full e-flex e-con e-child\" data-id=\"5acd6bc9\" data-element_type=\"container\" data-e-type=\"container\" data-settings=\"{&quot;background_background&quot;:&quot;classic&quot;}\">\n\t\t<div class=\"elementor-element elementor-element-ada56fe e-con-full e-flex e-con e-child\" data-id=\"ada56fe\" data-element_type=\"container\" data-e-type=\"container\" data-settings=\"{&quot;background_background&quot;:&quot;classic&quot;}\">\n\t\t\t\t<div class=\"elementor-element elementor-element-31c47fc1 elementor-widget elementor-widget-heading\" data-id=\"31c47fc1\" data-element_type=\"widget\" data-e-type=\"widget\" data-widget_type=\"heading.default\">\n\t\t\t\t\t<h2 class=\"elementor-heading-title elementor-size-default\">NuestrOS SERVICIOS<\/h2>\t\t\t\t<\/div>\n\t\t\t\t<\/div>\n\t\t<div class=\"elementor-element elementor-element-6e3ad55c e-con-full e-flex e-con e-child\" data-id=\"6e3ad55c\" data-element_type=\"container\" data-e-type=\"container\" data-settings=\"{&quot;background_background&quot;:&quot;classic&quot;}\">\n\t\t<div class=\"elementor-element elementor-element-2ee96c63 e-con-full e-flex e-con e-child\" data-id=\"2ee96c63\" data-element_type=\"container\" data-e-type=\"container\">\n\t\t<div class=\"elementor-element elementor-element-7d3c3be5 e-grid e-con-full e-con e-child\" data-id=\"7d3c3be5\" data-element_type=\"container\" data-e-type=\"container\">\n\t\t<div class=\"elementor-element elementor-element-394c0c73 e-con-full e-flex e-con e-child\" data-id=\"394c0c73\" data-element_type=\"container\" data-e-type=\"container\" data-settings=\"{&quot;background_background&quot;:&quot;classic&quot;}\">\n\t\t<div class=\"elementor-element elementor-element-664ee69 e-con-full e-flex e-con e-child\" data-id=\"664ee69\" data-element_type=\"container\" data-e-type=\"container\" data-settings=\"{&quot;background_background&quot;:&quot;classic&quot;}\">\n\t\t\t\t<\/div>\n\t\t<div class=\"elementor-element elementor-element-3be93c37 e-con-full e-flex e-con e-child\" data-id=\"3be93c37\" data-element_type=\"container\" data-e-type=\"container\" data-settings=\"{&quot;background_background&quot;:&quot;classic&quot;}\">\n\t\t\t\t<div class=\"elementor-element elementor-element-5d493d9a elementor-widget elementor-widget-heading\" data-id=\"5d493d9a\" data-element_type=\"widget\" data-e-type=\"widget\" data-widget_type=\"heading.default\">\n\t\t\t\t\t<h2 class=\"elementor-heading-title elementor-size-default\">Servicios Agrarios<\/h2>\t\t\t\t<\/div>\n\t\t\t\t<div class=\"elementor-element elementor-element-263362b1 elementor-widget elementor-widget-text-editor\" data-id=\"263362b1\" data-element_type=\"widget\" data-e-type=\"widget\" data-widget_type=\"text-editor.default\">\n\t\t\t\t\t\t\t\t\t<p data-start=\"195\" data-end=\"296\">Servicios agr\u00edcolas profesionales adaptados a las necesidades de cada terreno y cultivo.<\/p>\t\t\t\t\t\t\t\t<\/div>\n\t\t\t\t<\/div>\n\t\t\t\t<\/div>\n\t\t<div class=\"elementor-element elementor-element-13cc171b e-con-full e-flex e-con e-child\" data-id=\"13cc171b\" data-element_type=\"container\" data-e-type=\"container\" data-settings=\"{&quot;background_background&quot;:&quot;classic&quot;}\">\n\t\t<div class=\"elementor-element elementor-element-6a2eed1c e-con-full e-flex e-con e-child\" data-id=\"6a2eed1c\" data-element_type=\"container\" data-e-type=\"container\" data-settings=\"{&quot;background_background&quot;:&quot;classic&quot;}\">\n\t\t\t\t<\/div>\n\t\t<div class=\"elementor-element elementor-element-3d8b808c e-con-full e-flex e-con e-child\" data-id=\"3d8b808c\" data-element_type=\"container\" data-e-type=\"container\" data-settings=\"{&quot;background_background&quot;:&quot;classic&quot;}\">\n\t\t\t\t<div class=\"elementor-element elementor-element-74cdeb6e elementor-widget elementor-widget-heading\" data-id=\"74cdeb6e\" data-element_type=\"widget\" data-e-type=\"widget\" data-widget_type=\"heading.default\">\n\t\t\t\t\t<h2 class=\"elementor-heading-title elementor-size-default\">Preparaci\u00f3n del terreno<\/h2>\t\t\t\t<\/div>\n\t\t\t\t<div class=\"elementor-element elementor-element-4e4392fc elementor-widget elementor-widget-text-editor\" data-id=\"4e4392fc\" data-element_type=\"widget\" data-e-type=\"widget\" data-widget_type=\"text-editor.default\">\n\t\t\t\t\t\t\t\t\t<p data-start=\"412\" data-end=\"502\">Preparaci\u00f3n y acondicionamiento del suelo para garantizar una siembra \u00f3ptima.<\/p>\t\t\t\t\t\t\t\t<\/div>\n\t\t\t\t<\/div>\n\t\t\t\t<\/div>\n\t\t<div class=\"elementor-element elementor-element-2b5704a7 e-con-full e-flex e-con e-child\" data-id=\"2b5704a7\" data-element_type=\"container\" data-e-type=\"container\" data-settings=\"{&quot;background_background&quot;:&quot;classic&quot;}\">\n\t\t<div class=\"elementor-element elementor-element-2aca3474 e-con-full e-flex e-con e-child\" data-id=\"2aca3474\" data-element_type=\"container\" data-e-type=\"container\" data-settings=\"{&quot;background_background&quot;:&quot;classic&quot;}\">\n\t\t\t\t<\/div>\n\t\t<div class=\"elementor-element elementor-element-69b1ab89 e-con-full e-flex e-con e-child\" data-id=\"69b1ab89\" data-element_type=\"container\" data-e-type=\"container\" data-settings=\"{&quot;background_background&quot;:&quot;classic&quot;}\">\n\t\t\t\t<div class=\"elementor-element elementor-element-15c6eeeb elementor-widget elementor-widget-heading\" data-id=\"15c6eeeb\" data-element_type=\"widget\" data-e-type=\"widget\" data-widget_type=\"heading.default\">\n\t\t\t\t\t<h2 class=\"elementor-heading-title elementor-size-default\">Mantenimiento de cultivos<\/h2>\t\t\t\t<\/div>\n\t\t\t\t<div class=\"elementor-element elementor-element-553ed4f6 elementor-widget elementor-widget-text-editor\" data-id=\"553ed4f6\" data-element_type=\"widget\" data-e-type=\"widget\" data-widget_type=\"text-editor.default\">\n\t\t\t\t\t\t\t\t\t<p data-start=\"627\" data-end=\"727\">Cuidado continuo de los cultivos para asegurar su correcto crecimiento y productividad.<\/p>\t\t\t\t\t\t\t\t<\/div>\n\t\t\t\t<\/div>\n\t\t\t\t<\/div>\n\t\t<div class=\"elementor-element elementor-element-561103ca e-con-full e-flex e-con e-child\" data-id=\"561103ca\" data-element_type=\"container\" data-e-type=\"container\" data-settings=\"{&quot;background_background&quot;:&quot;classic&quot;}\">\n\t\t<div class=\"elementor-element elementor-element-51dbe4b3 e-con-full e-flex e-con e-child\" data-id=\"51dbe4b3\" data-element_type=\"container\" data-e-type=\"container\" data-settings=\"{&quot;background_background&quot;:&quot;classic&quot;}\">\n\t\t\t\t<\/div>\n\t\t<div class=\"elementor-element elementor-element-2bb8ed0 e-con-full e-flex e-con e-child\" data-id=\"2bb8ed0\" data-element_type=\"container\" data-e-type=\"container\" data-settings=\"{&quot;background_background&quot;:&quot;classic&quot;}\">\n\t\t\t\t<div class=\"elementor-element elementor-element-7846e01b elementor-widget elementor-widget-heading\" data-id=\"7846e01b\" data-element_type=\"widget\" data-e-type=\"widget\" data-widget_type=\"heading.default\">\n\t\t\t\t\t<h2 class=\"elementor-heading-title elementor-size-default\">Apoyo en la cosecha<\/h2>\t\t\t\t<\/div>\n\t\t\t\t<div class=\"elementor-element elementor-element-1099f4fc elementor-widget elementor-widget-text-editor\" data-id=\"1099f4fc\" data-element_type=\"widget\" data-e-type=\"widget\" data-widget_type=\"text-editor.default\">\n\t\t\t\t\t\t\t\t\t<p data-start=\"840\" data-end=\"941\">Asistencia durante la cosecha para lograr un trabajo eficiente y en el momento adecuado.<\/p>\t\t\t\t\t\t\t\t<\/div>\n\t\t\t\t<\/div>\n\t\t\t\t<\/div>\n\t\t<div class=\"elementor-element elementor-element-1ee0326 e-con-full e-flex e-con e-child\" data-id=\"1ee0326\" data-element_type=\"container\" data-e-type=\"container\" data-settings=\"{&quot;background_background&quot;:&quot;classic&quot;}\">\n\t\t<div class=\"elementor-element elementor-element-13183ca5 e-con-full e-flex e-con e-child\" data-id=\"13183ca5\" data-element_type=\"container\" data-e-type=\"container\" data-settings=\"{&quot;background_background&quot;:&quot;classic&quot;}\">\n\t\t\t\t<\/div>\n\t\t<div class=\"elementor-element elementor-element-5933834e e-con-full e-flex e-con e-child\" data-id=\"5933834e\" data-element_type=\"container\" data-e-type=\"container\" data-settings=\"{&quot;background_background&quot;:&quot;classic&quot;}\">\n\t\t\t\t<div class=\"elementor-element elementor-element-1989587d elementor-widget elementor-widget-heading\" data-id=\"1989587d\" data-element_type=\"widget\" data-e-type=\"widget\" data-widget_type=\"heading.default\">\n\t\t\t\t\t<h2 class=\"elementor-heading-title elementor-size-default\">\nManejo de maquinaria agr\u00edcola<\/h2>\t\t\t\t<\/div>\n\t\t\t\t<div class=\"elementor-element elementor-element-b3875a6 elementor-widget elementor-widget-text-editor\" data-id=\"b3875a6\" data-element_type=\"widget\" data-e-type=\"widget\" data-widget_type=\"text-editor.default\">\n\t\t\t\t\t\t\t\t\t<p data-start=\"1053\" data-end=\"1138\">Uso profesional de maquinaria agr\u00edcola para trabajos seguros y eficaces.<\/p>\t\t\t\t\t\t\t\t<\/div>\n\t\t\t\t<\/div>\n\t\t\t\t<\/div>\n\t\t<div class=\"elementor-element elementor-element-34a8a9b1 e-con-full e-flex e-con e-child\" data-id=\"34a8a9b1\" data-element_type=\"container\" data-e-type=\"container\" data-settings=\"{&quot;background_background&quot;:&quot;classic&quot;}\">\n\t\t<div class=\"elementor-element elementor-element-4212afe1 e-con-full e-flex e-con e-child\" data-id=\"4212afe1\" data-element_type=\"container\" data-e-type=\"container\" data-settings=\"{&quot;background_background&quot;:&quot;classic&quot;}\">\n\t\t\t\t<\/div>\n\t\t<div class=\"elementor-element elementor-element-1ce44a21 e-con-full e-flex e-con e-child\" data-id=\"1ce44a21\" data-element_type=\"container\" data-e-type=\"container\" data-settings=\"{&quot;background_background&quot;:&quot;classic&quot;}\">\n\t\t\t\t<div class=\"elementor-element elementor-element-44b3480f elementor-widget elementor-widget-heading\" data-id=\"44b3480f\" data-element_type=\"widget\" data-e-type=\"widget\" data-widget_type=\"heading.default\">\n\t\t\t\t\t<h2 class=\"elementor-heading-title elementor-size-default\">Soluciones agr\u00edcolas a medida<\/h2>\t\t\t\t<\/div>\n\t\t\t\t<div class=\"elementor-element elementor-element-2a717b52 elementor-widget elementor-widget-text-editor\" data-id=\"2a717b52\" data-element_type=\"widget\" data-e-type=\"widget\" data-widget_type=\"text-editor.default\">\n\t\t\t\t\t\t\t\t\t<p>Servicios flexibles adaptados a las necesidades espec\u00edficas de cada cliente.<\/p>\t\t\t\t\t\t\t\t<\/div>\n\t\t\t\t<\/div>\n\t\t\t\t<\/div>\n\t\t\t\t<\/div>\n\t\t\t\t<\/div>\n\t\t\t\t<\/div>\n\t\t\t\t<\/div>\n\t\t\t\t<\/div>\n\t\t\t\t<\/div>","protected":false},"excerpt":{"rendered":"<p>NuestrOS SERVICIOS Servicios Agrarios Servicios agr\u00edcolas profesionales adaptados a las necesidades de cada terreno y cultivo. Preparaci\u00f3n del terreno Preparaci\u00f3n y acondicionamiento del suelo para garantizar una siembra \u00f3ptima. Mantenimiento de cultivos Cuidado continuo de los cultivos para asegurar su correcto crecimiento y productividad. Apoyo en la cosecha Asistencia durante la cosecha para lograr un [&hellip;]<\/p>\n","protected":false},"author":1,"featured_media":0,"parent":0,"menu_order":0,"comment_status":"closed","ping_status":"closed","template":"elementor_canvas","meta":{"footnotes":""},"class_list":["post-11","page","type-page","status-publish","hentry"],"yoast_head":"<!-- This site is optimized with the Yoast SEO plugin v27.4 - https:\/\/yoast.com\/product\/yoast-seo-wordpress\/ -->\n<title>Servicios - Servicio Agrario Nesblam<\/title>\n<meta name=\"robots\" content=\"index, follow, max-snippet:-1, max-image-preview:large, max-video-preview:-1\" \/>\n<link rel=\"canonical\" href=\"https:\/\/servicioagrarionesblam.com\/en\/servicios\/\" \/>\n<meta property=\"og:locale\" content=\"en_GB\" \/>\n<meta property=\"og:type\" content=\"article\" \/>\n<meta property=\"og:title\" content=\"Servicios - Servicio Agrario Nesblam\" \/>\n<meta property=\"og:description\" content=\"NuestrOS SERVICIOS Servicios Agrarios Servicios agr\u00edcolas profesionales adaptados a las necesidades de cada terreno y cultivo. Preparaci\u00f3n del terreno Preparaci\u00f3n y acondicionamiento del suelo para garantizar una siembra \u00f3ptima. Mantenimiento de cultivos Cuidado continuo de los cultivos para asegurar su correcto crecimiento y productividad. Apoyo en la cosecha Asistencia durante la cosecha para lograr un [&hellip;]\" \/>\n<meta property=\"og:url\" content=\"https:\/\/servicioagrarionesblam.com\/en\/servicios\/\" \/>\n<meta property=\"og:site_name\" content=\"Servicio Agrario Nesblam\" \/>\n<meta property=\"article:modified_time\" content=\"2026-01-30T11:38:17+00:00\" \/>\n<meta name=\"twitter:card\" content=\"summary_large_image\" \/>\n<meta name=\"twitter:label1\" content=\"Estimated reading time\" \/>\n\t<meta name=\"twitter:data1\" content=\"1 minute\" \/>\n<script type=\"application\/ld+json\" class=\"yoast-schema-graph\">{\"@context\":\"https:\\\/\\\/schema.org\",\"@graph\":[{\"@type\":\"WebPage\",\"@id\":\"https:\\\/\\\/servicioagrarionesblam.com\\\/servicios\\\/\",\"url\":\"https:\\\/\\\/servicioagrarionesblam.com\\\/servicios\\\/\",\"name\":\"Servicios - Servicio Agrario Nesblam\",\"isPartOf\":{\"@id\":\"https:\\\/\\\/servicioagrarionesblam.com\\\/#website\"},\"datePublished\":\"2026-01-26T15:39:45+00:00\",\"dateModified\":\"2026-01-30T11:38:17+00:00\",\"breadcrumb\":{\"@id\":\"https:\\\/\\\/servicioagrarionesblam.com\\\/servicios\\\/#breadcrumb\"},\"inLanguage\":\"en-GB\",\"potentialAction\":[{\"@type\":\"ReadAction\",\"target\":[\"https:\\\/\\\/servicioagrarionesblam.com\\\/servicios\\\/\"]}]},{\"@type\":\"BreadcrumbList\",\"@id\":\"https:\\\/\\\/servicioagrarionesblam.com\\\/servicios\\\/#breadcrumb\",\"itemListElement\":[{\"@type\":\"ListItem\",\"position\":1,\"name\":\"Portada\",\"item\":\"https:\\\/\\\/servicioagrarionesblam.com\\\/\"},{\"@type\":\"ListItem\",\"position\":2,\"name\":\"Servicios\"}]},{\"@type\":\"WebSite\",\"@id\":\"https:\\\/\\\/servicioagrarionesblam.com\\\/#website\",\"url\":\"https:\\\/\\\/servicioagrarionesblam.com\\\/\",\"name\":\"Servicio Agrario Nesblam\",\"description\":\"\",\"publisher\":{\"@id\":\"https:\\\/\\\/servicioagrarionesblam.com\\\/#organization\"},\"potentialAction\":[{\"@type\":\"SearchAction\",\"target\":{\"@type\":\"EntryPoint\",\"urlTemplate\":\"https:\\\/\\\/servicioagrarionesblam.com\\\/?s={search_term_string}\"},\"query-input\":{\"@type\":\"PropertyValueSpecification\",\"valueRequired\":true,\"valueName\":\"search_term_string\"}}],\"inLanguage\":\"en-GB\"},{\"@type\":\"Organization\",\"@id\":\"https:\\\/\\\/servicioagrarionesblam.com\\\/#organization\",\"name\":\"Servicio Agrario Nesblam\",\"url\":\"https:\\\/\\\/servicioagrarionesblam.com\\\/\",\"logo\":{\"@type\":\"ImageObject\",\"inLanguage\":\"en-GB\",\"@id\":\"https:\\\/\\\/servicioagrarionesblam.com\\\/#\\\/schema\\\/logo\\\/image\\\/\",\"url\":\"https:\\\/\\\/servicioagrarionesblam.com\\\/wp-content\\\/uploads\\\/2026\\\/01\\\/cropped-logo-nav@4x-scaled-1.png\",\"contentUrl\":\"https:\\\/\\\/servicioagrarionesblam.com\\\/wp-content\\\/uploads\\\/2026\\\/01\\\/cropped-logo-nav@4x-scaled-1.png\",\"width\":2558,\"height\":958,\"caption\":\"Servicio Agrario Nesblam\"},\"image\":{\"@id\":\"https:\\\/\\\/servicioagrarionesblam.com\\\/#\\\/schema\\\/logo\\\/image\\\/\"}}]}<\/script>\n<!-- \/ Yoast SEO plugin. -->","yoast_head_json":{"title":"Servicios - Servicio Agrario Nesblam","robots":{"index":"index","follow":"follow","max-snippet":"max-snippet:-1","max-image-preview":"max-image-preview:large","max-video-preview":"max-video-preview:-1"},"canonical":"https:\/\/servicioagrarionesblam.com\/en\/servicios\/","og_locale":"en_GB","og_type":"article","og_title":"Servicios - Servicio Agrario Nesblam","og_description":"NuestrOS SERVICIOS Servicios Agrarios Servicios agr\u00edcolas profesionales adaptados a las necesidades de cada terreno y cultivo. Preparaci\u00f3n del terreno Preparaci\u00f3n y acondicionamiento del suelo para garantizar una siembra \u00f3ptima. Mantenimiento de cultivos Cuidado continuo de los cultivos para asegurar su correcto crecimiento y productividad. Apoyo en la cosecha Asistencia durante la cosecha para lograr un [&hellip;]","og_url":"https:\/\/servicioagrarionesblam.com\/en\/servicios\/","og_site_name":"Servicio Agrario Nesblam","article_modified_time":"2026-01-30T11:38:17+00:00","twitter_card":"summary_large_image","twitter_misc":{"Estimated reading time":"1 minute"},"schema":{"@context":"https:\/\/schema.org","@graph":[{"@type":"WebPage","@id":"https:\/\/servicioagrarionesblam.com\/servicios\/","url":"https:\/\/servicioagrarionesblam.com\/servicios\/","name":"Servicios - Servicio Agrario Nesblam","isPartOf":{"@id":"https:\/\/servicioagrarionesblam.com\/#website"},"datePublished":"2026-01-26T15:39:45+00:00","dateModified":"2026-01-30T11:38:17+00:00","breadcrumb":{"@id":"https:\/\/servicioagrarionesblam.com\/servicios\/#breadcrumb"},"inLanguage":"en-GB","potentialAction":[{"@type":"ReadAction","target":["https:\/\/servicioagrarionesblam.com\/servicios\/"]}]},{"@type":"BreadcrumbList","@id":"https:\/\/servicioagrarionesblam.com\/servicios\/#breadcrumb","itemListElement":[{"@type":"ListItem","position":1,"name":"Portada","item":"https:\/\/servicioagrarionesblam.com\/"},{"@type":"ListItem","position":2,"name":"Servicios"}]},{"@type":"WebSite","@id":"https:\/\/servicioagrarionesblam.com\/#website","url":"https:\/\/servicioagrarionesblam.com\/","name":"Servicio Agrario Nesblam","description":"","publisher":{"@id":"https:\/\/servicioagrarionesblam.com\/#organization"},"potentialAction":[{"@type":"SearchAction","target":{"@type":"EntryPoint","urlTemplate":"https:\/\/servicioagrarionesblam.com\/?s={search_term_string}"},"query-input":{"@type":"PropertyValueSpecification","valueRequired":true,"valueName":"search_term_string"}}],"inLanguage":"en-GB"},{"@type":"Organization","@id":"https:\/\/servicioagrarionesblam.com\/#organization","name":"Servicio Agrario Nesblam","url":"https:\/\/servicioagrarionesblam.com\/","logo":{"@type":"ImageObject","inLanguage":"en-GB","@id":"https:\/\/servicioagrarionesblam.com\/#\/schema\/logo\/image\/","url":"https:\/\/servicioagrarionesblam.com\/wp-content\/uploads\/2026\/01\/cropped-logo-nav@4x-scaled-1.png","contentUrl":"https:\/\/servicioagrarionesblam.com\/wp-content\/uploads\/2026\/01\/cropped-logo-nav@4x-scaled-1.png","width":2558,"height":958,"caption":"Servicio Agrario Nesblam"},"image":{"@id":"https:\/\/servicioagrarionesblam.com\/#\/schema\/logo\/image\/"}}]}},"_links":{"self":[{"href":"https:\/\/servicioagrarionesblam.com\/en\/wp-json\/wp\/v2\/pages\/11","targetHints":{"allow":["GET"]}}],"collection":[{"href":"https:\/\/servicioagrarionesblam.com\/en\/wp-json\/wp\/v2\/pages"}],"about":[{"href":"https:\/\/servicioagrarionesblam.com\/en\/wp-json\/wp\/v2\/types\/page"}],"author":[{"embeddable":true,"href":"https:\/\/servicioagrarionesblam.com\/en\/wp-json\/wp\/v2\/users\/1"}],"replies":[{"embeddable":true,"href":"https:\/\/servicioagrarionesblam.com\/en\/wp-json\/wp\/v2\/comments?post=11"}],"version-history":[{"count":31,"href":"https:\/\/servicioagrarionesblam.com\/en\/wp-json\/wp\/v2\/pages\/11\/revisions"}],"predecessor-version":[{"id":311,"href":"https:\/\/servicioagrarionesblam.com\/en\/wp-json\/wp\/v2\/pages\/11\/revisions\/311"}],"wp:attachment":[{"href":"https:\/\/servicioagrarionesblam.com\/en\/wp-json\/wp\/v2\/media?parent=11"}],"curies":[{"name":"wp","href":"https:\/\/api.w.org\/{rel}","templated":true}]}}